{"id":238,"date":"2022-06-14T15:57:11","date_gmt":"2022-06-14T15:57:11","guid":{"rendered":"https:\/\/www.picursa.com\/de\/?page_id=238"},"modified":"2025-03-28T14:10:35","modified_gmt":"2025-03-28T12:10:35","slug":"cookies-politik","status":"publish","type":"page","link":"https:\/\/www.picursa.com\/de\/cookies-politik\/","title":{"rendered":"Cookies Politik"},"content":{"rendered":"\n<h3><strong>Was ist ein Cookie?<\/strong><\/h3>\nEin <em>Cookie<\/em> ist eine <strong>harmlos<\/strong>e Textdatei, die in Ihrem Browser gespeichert wird, wenn Sie fast jede Website besuchen. Der Zweck des <em>Cookies<\/em> besteht darin, dass die Website sich an Ihren Besuch erinnert, wenn Sie die Seite erneut besuchen. Obwohl viele Menschen dies nicht wissen, werden <em>Cookies<\/em> seit 20 Jahren verwendet, als die ersten Webbrowser f\u00fcr das World Wide Web aufkamen.\n<h3><strong>Was ist kein Cookie?<\/strong><\/h3>\nEs ist weder ein Virus, noch ein Trojaner, ein Wurm, Spam, Spyware oder Pop-up-Fenster.\n<h3><strong>Welche Informationen speichert ein <em>Cookie<\/em>?<\/strong><\/h3>\n<em>Cookies<\/em> speichern normalerweise keine sensiblen Informationen \u00fcber Sie, wie Kreditkarten- oder Bankdaten, Fotos, Ihre ID oder pers\u00f6nliche Informationen usw. Die Daten, die sie speichern, sind technischer Natur, pers\u00f6nliche Vorlieben, Inhaltsanpassung usw.\n\nDer Webserver verkn\u00fcpft Sie nicht mit Ihrer Person, sondern mit Ihrem Webbrowser. Wenn Sie beispielsweise normalerweise mit Internet Explorer surfen und dieselbe Website mit Firefox oder Chrome besuchen, wird die Website nicht erkennen, dass es dieselbe Person ist, da sie in Wirklichkeit den Browser und nicht die Person zuordnet.\n<h3><strong>Welche Arten von <em>Cookies<\/em> gibt es?<\/strong><\/h3>\n<ul>\n \t<li><em><strong>Notwendige Cookies<\/strong><\/em>: Notwendige Cookies helfen dabei, eine Website nutzbar zu machen, indem grundlegende Funktionen wie das Navigieren auf der Seite und der Zugriff auf sichere Bereiche der Website aktiviert werden. Ohne diese Cookies kann die Website nicht richtig funktionieren.<\/li>\n \t<li><em><strong>Pr\u00e4ferenz-Cookies<\/strong><\/em>: Pr\u00e4ferenz-Cookies erm\u00f6glichen es der Website, sich an Informationen zu erinnern, die das Verhalten oder Aussehen der Website \u00e4ndern, wie z.B. Ihre bevorzugte Sprache oder den Bereich, in dem Sie sich befinden.<\/li>\n \t<li><em><strong>Statistik-Cookies<\/strong><\/em>: Statistik-Cookies helfen Website-Besitzern zu verstehen, wie Besucher mit Websites interagieren, indem sie Informationen anonym sammeln und bereitstellen.<\/li>\n \t<li><strong>Marketing-Cookies<\/strong>: Marketing-Cookies werden verwendet, um Besucher auf Websites zu verfolgen. Das Ziel ist es, relevante und ansprechende Werbung f\u00fcr den einzelnen Nutzer zu zeigen und somit f\u00fcr die Herausgeber und Drittanbieter wertvoller zu machen.<\/li>\n<\/ul>\n<h3><strong>Wir verwenden den Google-Zustimmungsmodus<\/strong><\/h3>\nIm Rahmen unserer Cookie-Richtlinie freuen wir uns, die Implementierung des neuen <strong>Zustimmungsmodus<\/strong> von Google bekannt zu geben, eine bedeutende Weiterentwicklung, die unser Engagement f\u00fcr die Privatsph\u00e4re unserer Nutzer und die Einhaltung geltender Vorschriften st\u00e4rkt.\n\nDer <strong>Zustimmungsmodus<\/strong> von Google ist eine technologische L\u00f6sung, die entwickelt wurde, um die Zustimmungsentscheidungen der Nutzer bez\u00fcglich der Verwendung von Cookies und anderen Tracking-Technologien zu respektieren. Durch die Aktivierung dieses Modus stellen wir sicher, dass sich das Verhalten unserer Website automatisch an die Zustimmungspr\u00e4ferenzen jedes Nutzers anpasst und so ein personalisiertes und datenschutzfreundliches Erlebnis gew\u00e4hrleistet wird.\n\nDieses Update erm\u00f6glicht es unserer Website, die Verwendung von Cookies und Signalen, die an Google gesendet werden, basierend auf dem Zustimmungsstatus des Nutzers automatisch anzupassen. Das bedeutet, dass, wenn ein Nutzer keine Zustimmung zur Verwendung von Performance- oder Werbe-Cookies gibt, unsere Website ihre Funktionsweise \u00e4ndert, um diese Cookies nicht zu verwenden, ohne das Benutzererlebnis negativ zu beeinflussen.\n\nDar\u00fcber hinaus hilft uns der <strong>Zustimmungsmodus<\/strong> von Google, wichtige Daten f\u00fcr die Analyse und Optimierung unserer Website auf verantwortungsvolle Weise zu sammeln. Auch ohne die Zustimmung zu allen Cookies k\u00f6nnen wir aggregierte und anonymisierte Informationen erhalten, die uns dabei helfen, zu verstehen, wie unsere Website genutzt wird und wie wir sie f\u00fcr unsere Nutzer verbessern k\u00f6nnen.\n\nDie Implementierung dieser Technologie spiegelt unser Bestreben wider, vollst\u00e4ndige Transparenz zu bieten und den Nutzern mehr Kontrolle \u00fcber ihre pers\u00f6nlichen Daten zu geben. Wir laden unsere Nutzer ein, jederzeit ihre Zustimmungspr\u00e4ferenzen \u00fcber unser Zustimmungsverwaltungs-Tool auf unserer Website anzupassen.\n\nWir verpflichten uns, uns weiterhin an technologische Innovationen und gesetzliche Anforderungen anzupassen, um den bestm\u00f6glichen Schutz der Privatsph\u00e4re unserer Nutzer zu gew\u00e4hrleisten und ein sicheres und zuverl\u00e4ssiges digitales Umfeld zu f\u00f6rdern.\n<h3><strong>Welche Cookies verwenden wir auf dieser Website?<\/strong><\/h3>\n\n\n\n\n<script id=\"CookieDeclaration\" data-culture=\"DE\" src=\"https:\/\/consent.cookiebot.com\/9a4930a4-89b8-4c04-bada-c9d7979b2056\/cd.js\" type=\"text\/javascript\" async><\/script>\n\n\n\n<strong>Konfiguration von <em>Cookies<\/em> f\u00fcr die beliebtesten Browser<\/strong>\n\nHier erfahren Sie, wie Sie ein bestimmtes <em>Cookie<\/em> im <strong>Chrome<\/strong>-Browser aufrufen. Hinweis: Diese Schritte k\u00f6nnen je nach Version des Browsers variieren:\n<ol>\n \t<li>Gehen Sie zu den Einstellungen oder Pr\u00e4ferenzen \u00fcber das Men\u00fc Datei oder klicken Sie auf das Personalisierungssymbol oben rechts.<\/li>\n \t<li>Sie sehen verschiedene Abschnitte, klicken Sie auf die Option <em>Erweiterte Optionen anzeigen<\/em>.<\/li>\n \t<li>Gehen Sie zu <em>Datenschutz<\/em>, <em>Inhaltseinstellungen<\/em>.<\/li>\n \t<li>W\u00e4hlen Sie <em>Alle Cookies und Website-Daten<\/em>.<\/li>\n \t<li>Es erscheint eine Liste aller <em>Cookies<\/em>, sortiert nach Domain. Um die <em>Cookies<\/em> einer bestimmten Domain zu finden, geben Sie die Adresse teilweise oder vollst\u00e4ndig in das Feld <em>Cookies suchen<\/em> ein.<\/li>\n \t<li>Nach dem Filtern erscheinen eine oder mehrere Zeilen mit den <em>Cookies<\/em> der angeforderten Website. Sie m\u00fcssen nur auf das <em>X<\/em> klicken, um sie zu l\u00f6schen.<\/li>\n<\/ol>\nUm auf die Cookie-Einstellungen des <strong>Internet Explorer<\/strong>-Browsers zuzugreifen, folgen Sie diesen Schritten (sie k\u00f6nnen je nach Version des Browsers variieren):\n<ol>\n \t<li>Gehen Sie zu <em>Extras<\/em>, <em>Internetoptionen<\/em><\/li>\n \t<li>Klicken Sie auf <em>Datenschutz<\/em>.<\/li>\n \t<li>Bewegen Sie den Schieberegler, um das gew\u00fcnschte Datenschutzniveau einzustellen.<\/li>\n<\/ol>\nUm auf die Cookie-Einstellungen des <strong>Firefox<\/strong>-Browsers zuzugreifen, folgen Sie diesen Schritten (sie k\u00f6nnen je nach Version des Browsers variieren):\n<ol>\n \t<li>Gehen Sie zu <em>Optionen<\/em> oder <em>Pr\u00e4ferenzen<\/em> je nach Betriebssystem.<\/li>\n \t<li>Klicken Sie auf <em>Datenschutz<\/em>.<\/li>\n \t<li>W\u00e4hlen Sie unter <em>Verlauf<\/em> die Option <em>Verwendung einer benutzerdefinierten Einstellung f\u00fcr den Verlauf<\/em>.<\/li>\n \t<li>Sie sehen nun die Option <em>Cookies akzeptieren<\/em>, die Sie je nach Pr\u00e4ferenz aktivieren oder deaktivieren k\u00f6nnen.<\/li>\n<\/ol>\nUm auf die Cookie-Einstellungen des Browsers <strong>Safari f\u00fcr OSX<\/strong> zuzugreifen, folgen Sie diesen Schritten (sie k\u00f6nnen je nach Version des Browsers variieren):\n<ol>\n \t<li>Gehen Sie zu <em>Voreinstellungen<\/em>, dann zu <em>Datenschutz<\/em>.<\/li>\n \t<li>Hier sehen Sie die Option <em>Cookies blockieren<\/em>, um den gew\u00fcnschten Blockierungstyp einzustellen.<\/li>\n<\/ol>\nUm auf die Cookie-Einstellungen des Browsers <strong>Safari f\u00fcr iOS<\/strong> zuzugreifen, folgen Sie diesen Schritten (sie k\u00f6nnen je nach Version des Browsers variieren):\n<ol>\n \t<li>Gehen Sie zu <em>Einstellungen<\/em>, dann zu <em>Safari<\/em>.<\/li>\n \t<li>Gehen Sie zu <em>Datenschutz &#038; Sicherheit<\/em>, hier sehen Sie die Option <em>Cookies blockieren<\/em>, um den gew\u00fcnschten Blockierungstyp einzustellen.<\/li>\n<\/ol>\nUm auf die Cookie-Einstellungen des Browsers f\u00fcr <strong>Android<\/strong>-Ger\u00e4te zuzugreifen, folgen Sie diesen Schritten (sie k\u00f6nnen je nach Version des Browsers variieren):\n<ol>\n \t<li>Starten Sie den Browser und dr\u00fccken Sie die <em>Men\u00fc<\/em>-Taste, dann <em> Einstellungen<\/em>.<\/li>\n \t<li>Gehen Sie zu <em>Sicherheit und Datenschutz<\/em>, hier sehen Sie die Option <em>Cookies akzeptieren<\/\n\n","protected":false},"excerpt":{"rendered":"<p>Was ist ein Cookie? Ein Cookie ist eine harmlose Textdatei, die in Ihrem Browser gespeichert wird, wenn Sie fast jede Website besuchen. Der Zweck des Cookies besteht darin, dass die Website sich an Ihren Besuch erinnert, wenn Sie die Seite erneut besuchen. Obwohl viele Menschen dies nicht wissen, werden Cookies seit 20 Jahren verwendet, als [&hellip;]<\/p>\n","protected":false},"author":1,"featured_media":0,"parent":0,"menu_order":0,"comment_status":"closed","ping_status":"closed","template":"","meta":{"_acf_changed":false,"_genesis_hide_title":false,"_genesis_hide_breadcrumbs":false,"_genesis_hide_singular_image":false,"_genesis_hide_footer_widgets":false,"_genesis_custom_body_class":"","_genesis_custom_post_class":"","_genesis_layout":"","footnotes":""},"class_list":{"0":"post-238","1":"page","2":"type-page","3":"status-publish","5":"entry"},"acf":[],"featured_image_src":null,"featured_image_src_square":null,"_links":{"self":[{"href":"https:\/\/www.picursa.com\/de\/wp-json\/wp\/v2\/pages\/238","targetHints":{"allow":["GET"]}}],"collection":[{"href":"https:\/\/www.picursa.com\/de\/wp-json\/wp\/v2\/pages"}],"about":[{"href":"https:\/\/www.picursa.com\/de\/wp-json\/wp\/v2\/types\/page"}],"author":[{"embeddable":true,"href":"https:\/\/www.picursa.com\/de\/wp-json\/wp\/v2\/users\/1"}],"replies":[{"embeddable":true,"href":"https:\/\/www.picursa.com\/de\/wp-json\/wp\/v2\/comments?post=238"}],"version-history":[{"count":3,"href":"https:\/\/www.picursa.com\/de\/wp-json\/wp\/v2\/pages\/238\/revisions"}],"predecessor-version":[{"id":1652,"href":"https:\/\/www.picursa.com\/de\/wp-json\/wp\/v2\/pages\/238\/revisions\/1652"}],"wp:attachment":[{"href":"https:\/\/www.picursa.com\/de\/wp-json\/wp\/v2\/media?parent=238"}],"curies":[{"name":"wp","href":"https:\/\/api.w.org\/{rel}","templated":true}]}}